{"id":25770,"date":"2023-07-23T17:29:10","date_gmt":"2023-07-23T17:29:10","guid":{"rendered":"https:\/\/lucascano.fr\/temoignages-transformations-clients-copy\/"},"modified":"2023-10-04T10:07:14","modified_gmt":"2023-10-04T10:07:14","slug":"temoignages","status":"publish","type":"page","link":"https:\/\/lucascano.fr\/?page_id=25770","title":{"rendered":"T\u00e9moignages"},"content":{"rendered":"<p>[et_pb_section fb_built=\u00a0\u00bb1&Prime; custom_padding_last_edited=\u00a0\u00bbon|desktop\u00a0\u00bb admin_label=\u00a0\u00bbSection\u00a0\u00bb _builder_version=\u00a0\u00bb4.21.0&Prime; _module_preset=\u00a0\u00bbdefault\u00a0\u00bb background_color=\u00a0\u00bbrgba(0,0,0,0.5)\u00a0\u00bb background_image=\u00a0\u00bbhttps:\/\/lucascano.fr\/wp-content\/uploads\/2023\/06\/lucascano-11.jpg\u00a0\u00bb background_blend=\u00a0\u00bboverlay\u00a0\u00bb min_height_phone=\u00a0\u00bb100%\u00a0\u00bb min_height_last_edited=\u00a0\u00bboff|tablet\u00a0\u00bb custom_padding=\u00a0\u00bb200px|60px|200px|60px|true|true\u00a0\u00bb custom_padding_tablet=\u00a0\u00bb160px|40px|160px|40px|true|true\u00a0\u00bb custom_padding_phone=\u00a0\u00bb140px|20px|140px|20px|true|true\u00a0\u00bb da_disable_devices=\u00a0\u00bboff|off|off\u00a0\u00bb global_colors_info=\u00a0\u00bb{}\u00a0\u00bb da_is_popup=\u00a0\u00bboff\u00a0\u00bb da_exit_intent=\u00a0\u00bboff\u00a0\u00bb da_has_close=\u00a0\u00bbon\u00a0\u00bb da_alt_close=\u00a0\u00bboff\u00a0\u00bb da_dark_close=\u00a0\u00bboff\u00a0\u00bb da_not_modal=\u00a0\u00bbon\u00a0\u00bb da_is_singular=\u00a0\u00bboff\u00a0\u00bb da_with_loader=\u00a0\u00bboff\u00a0\u00bb da_has_shadow=\u00a0\u00bbon\u00a0\u00bb][et_pb_row _builder_version=\u00a0\u00bb4.21.0&Prime; _module_preset=\u00a0\u00bbdefault\u00a0\u00bb width=\u00a0\u00bb100%\u00a0\u00bb max_width=\u00a0\u00bb1240px\u00a0\u00bb custom_padding=\u00a0\u00bb0px||0px||true|false\u00a0\u00bb global_colors_info=\u00a0\u00bb{}\u00a0\u00bb][et_pb_column type=\u00a0\u00bb4_4&Prime; _builder_version=\u00a0\u00bb4.21.0&Prime; _module_preset=\u00a0\u00bbdefault\u00a0\u00bb global_colors_info=\u00a0\u00bb{}\u00a0\u00bb][et_pb_text _builder_version=\u00a0\u00bb4.21.0&Prime; _module_preset=\u00a0\u00bbdefault\u00a0\u00bb text_font=\u00a0\u00bbSora|||on|||||\u00a0\u00bb text_text_color=\u00a0\u00bb#FFFFFF\u00a0\u00bb text_font_size=\u00a0\u00bb50px\u00a0\u00bb text_line_height=\u00a0\u00bb60px\u00a0\u00bb text_orientation=\u00a0\u00bbcenter\u00a0\u00bb custom_margin=\u00a0\u00bb0px||0px||true|false\u00a0\u00bb text_orientation_phone=\u00a0\u00bbcenter\u00a0\u00bb text_orientation_last_edited=\u00a0\u00bboff|desktop\u00a0\u00bb custom_css_main_element=\u00a0\u00bbfont-weight: 500 !important;\u00a0\u00bb locked=\u00a0\u00bboff\u00a0\u00bb global_colors_info=\u00a0\u00bb{}\u00a0\u00bb]<\/p>\n<p>Ce Qu\u2019ils Disent De Moi<\/p>\n<p>[\/et_pb_text][\/et_pb_column][\/et_pb_row][\/et_pb_section][et_pb_section fb_built=\u00a0\u00bb1&Prime; custom_padding_last_edited=\u00a0\u00bbon|desktop\u00a0\u00bb _builder_version=\u00a0\u00bb4.21.0&Prime; _module_preset=\u00a0\u00bbdefault\u00a0\u00bb background_color=\u00a0\u00bbRGBA(255,255,255,0)\u00a0\u00bb background_enable_image=\u00a0\u00bboff\u00a0\u00bb background_blend=\u00a0\u00bboverlay\u00a0\u00bb custom_padding=\u00a0\u00bb100px|60px|100px|60px|true|true\u00a0\u00bb custom_padding_tablet=\u00a0\u00bb100px|40px|100px|40px|true|true\u00a0\u00bb custom_padding_phone=\u00a0\u00bb80px|20px|80px|20px|true|true\u00a0\u00bb custom_css_main_element=\u00a0\u00bbdisplay: flex!important;||flex-direction: column!important;||justify-content: center!important;\u00a0\u00bb da_disable_devices=\u00a0\u00bboff|off|off\u00a0\u00bb global_colors_info=\u00a0\u00bb{}\u00a0\u00bb da_is_popup=\u00a0\u00bboff\u00a0\u00bb da_exit_intent=\u00a0\u00bboff\u00a0\u00bb da_has_close=\u00a0\u00bbon\u00a0\u00bb da_alt_close=\u00a0\u00bboff\u00a0\u00bb da_dark_close=\u00a0\u00bboff\u00a0\u00bb da_not_modal=\u00a0\u00bbon\u00a0\u00bb da_is_singular=\u00a0\u00bboff\u00a0\u00bb da_with_loader=\u00a0\u00bboff\u00a0\u00bb da_has_shadow=\u00a0\u00bbon\u00a0\u00bb][et_pb_row column_structure=\u00a0\u00bb1_2,1_2&Prime; use_custom_gutter=\u00a0\u00bbon\u00a0\u00bb _builder_version=\u00a0\u00bb4.22.1&Prime; _module_preset=\u00a0\u00bbdefault\u00a0\u00bb width=\u00a0\u00bb100%\u00a0\u00bb max_width=\u00a0\u00bb1000px\u00a0\u00bb max_width_tablet=\u00a0\u00bb600px\u00a0\u00bb max_width_phone=\u00a0\u00bb100%\u00a0\u00bb max_width_last_edited=\u00a0\u00bbon|phone\u00a0\u00bb custom_padding=\u00a0\u00bb0px||0px||true|false\u00a0\u00bb hover_enabled=\u00a0\u00bb0&Prime; locked=\u00a0\u00bboff\u00a0\u00bb global_colors_info=\u00a0\u00bb{}\u00a0\u00bb custom_css_main_element_last_edited=\u00a0\u00bboff|desktop\u00a0\u00bb custom_css_main_element_tablet=\u00a0\u00bbdisplay: flex!important;||align-items: flex-end !important;\u00a0\u00bb sticky_enabled=\u00a0\u00bb0&Prime;][et_pb_column type=\u00a0\u00bb1_2&Prime; _builder_version=\u00a0\u00bb4.21.0&Prime; _module_preset=\u00a0\u00bbdefault\u00a0\u00bb background_color=\u00a0\u00bb#272629&Prime; animation_style=\u00a0\u00bbslide\u00a0\u00bb animation_direction=\u00a0\u00bbleft\u00a0\u00bb animation_duration=\u00a0\u00bb800ms\u00a0\u00bb animation_intensity_slide=\u00a0\u00bb5%\u00a0\u00bb global_colors_info=\u00a0\u00bb{}\u00a0\u00bb custom_css_main_element_last_edited=\u00a0\u00bboff|desktop\u00a0\u00bb][et_pb_image src=\u00a0\u00bbhttps:\/\/lucascano.fr\/wp-content\/uploads\/2023\/07\/lucascano-temoignage-coach.jpg\u00a0\u00bb title_text=\u00a0\u00bblucascano-temoignage-coach\u00a0\u00bb show_bottom_space=\u00a0\u00bboff\u00a0\u00bb _builder_version=\u00a0\u00bb4.21.0&Prime; _module_preset=\u00a0\u00bbdefault\u00a0\u00bb z_index=\u00a0\u00bb2&Prime; global_colors_info=\u00a0\u00bb{}\u00a0\u00bb][\/et_pb_image][et_pb_blurb title=\u00a0\u00bbLes coach sportifs que j&rsquo;ai form\u00e9s\u00a0\u00bb _builder_version=\u00a0\u00bb4.21.0&Prime; _module_preset=\u00a0\u00bbdefault\u00a0\u00bb header_font=\u00a0\u00bbSora||||||||\u00a0\u00bb header_text_align=\u00a0\u00bbcenter\u00a0\u00bb header_text_color=\u00a0\u00bb#FFFFFF\u00a0\u00bb header_font_size=\u00a0\u00bb28px\u00a0\u00bb header_line_height=\u00a0\u00bb33px\u00a0\u00bb body_font=\u00a0\u00bbInter||||||||\u00a0\u00bb body_text_align=\u00a0\u00bbcenter\u00a0\u00bb body_text_color=\u00a0\u00bb#FFFFFF\u00a0\u00bb body_font_size=\u00a0\u00bb16px\u00a0\u00bb body_line_height=\u00a0\u00bb24px\u00a0\u00bb background_color=\u00a0\u00bb#272629&Prime; custom_padding=\u00a0\u00bb30px|30px|0px|30px|false|true\u00a0\u00bb animation_direction=\u00a0\u00bbtop\u00a0\u00bb custom_css_blurb_title=\u00a0\u00bbfont-weight: 400;||margin-bottom: 3px;\u00a0\u00bb custom_css_blurb_content=\u00a0\u00bbfont-weight: 300;||\u00a0\u00bb locked=\u00a0\u00bboff\u00a0\u00bb global_colors_info=\u00a0\u00bb{}\u00a0\u00bb custom_css_blurb_title_last_edited=\u00a0\u00bboff|desktop\u00a0\u00bb]<\/p>\n<p>D\u00e9couvrez une dizaine de t\u00e9moignages des coach sportifs que j&rsquo;ai form\u00e9s.<\/p>\n<p>[\/et_pb_blurb][et_pb_button button_url=\u00a0\u00bb@ET-DC@eyJkeW5hbWljIjp0cnVlLCJjb250ZW50IjoicG9zdF9saW5rX3VybF9wYWdlIiwic2V0dGluZ3MiOnsicG9zdF9pZCI6IjE5MyJ9fQ==@\u00a0\u00bb button_text=\u00a0\u00bbVOIR LES TEMOIGNAGES\u00a0\u00bb button_alignment=\u00a0\u00bbcenter\u00a0\u00bb _builder_version=\u00a0\u00bb4.21.0&Prime; _dynamic_attributes=\u00a0\u00bbbutton_url\u00a0\u00bb _module_preset=\u00a0\u00bbdefault\u00a0\u00bb custom_button=\u00a0\u00bbon\u00a0\u00bb button_text_size=\u00a0\u00bb14px\u00a0\u00bb button_text_color=\u00a0\u00bb#FFFFFF\u00a0\u00bb button_bg_color=\u00a0\u00bbRGBA(255,255,255,0)\u00a0\u00bb button_border_width=\u00a0\u00bb1px\u00a0\u00bb button_border_color=\u00a0\u00bb#FFFFFF\u00a0\u00bb button_border_radius=\u00a0\u00bb100px\u00a0\u00bb button_font=\u00a0\u00bbSora||||||||\u00a0\u00bb button_use_icon=\u00a0\u00bboff\u00a0\u00bb custom_margin=\u00a0\u00bb4px||30px||false|false\u00a0\u00bb custom_margin_tablet=\u00a0\u00bb40px||||false|false\u00a0\u00bb custom_margin_phone=\u00a0\u00bb25px||0px||false|false\u00a0\u00bb custom_margin_last_edited=\u00a0\u00bboff|desktop\u00a0\u00bb custom_padding=\u00a0\u00bb8px|18px|6px|18px|false|true\u00a0\u00bb custom_css_main_element=\u00a0\u00bbfont-weight: 600;\u00a0\u00bb locked=\u00a0\u00bboff\u00a0\u00bb global_colors_info=\u00a0\u00bb{}\u00a0\u00bb transform_styles__hover_enabled=\u00a0\u00bboff|desktop\u00a0\u00bb transform_scale__hover_enabled=\u00a0\u00bboff|desktop\u00a0\u00bb transform_translate__hover_enabled=\u00a0\u00bboff|desktop\u00a0\u00bb transform_rotate__hover_enabled=\u00a0\u00bboff|desktop\u00a0\u00bb transform_skew__hover_enabled=\u00a0\u00bboff|desktop\u00a0\u00bb transform_origin__hover_enabled=\u00a0\u00bboff|desktop\u00a0\u00bb button_text_color__hover_enabled=\u00a0\u00bbon|desktop\u00a0\u00bb button_text_color__hover=\u00a0\u00bb#000000&Prime; button_bg_color__hover_enabled=\u00a0\u00bbon|desktop\u00a0\u00bb button_bg_color__hover=\u00a0\u00bb#F6C937&Prime; button_bg_enable_color__hover=\u00a0\u00bbon\u00a0\u00bb button_border_color__hover_enabled=\u00a0\u00bbon|desktop\u00a0\u00bb button_border_color__hover=\u00a0\u00bb#F6C937&Prime;][\/et_pb_button][\/et_pb_column][et_pb_column type=\u00a0\u00bb1_2&Prime; _builder_version=\u00a0\u00bb4.22.1&Prime; _module_preset=\u00a0\u00bbdefault\u00a0\u00bb background_color=\u00a0\u00bb#272629&Prime; animation_style=\u00a0\u00bbslide\u00a0\u00bb animation_direction=\u00a0\u00bbright\u00a0\u00bb animation_duration=\u00a0\u00bb800ms\u00a0\u00bb animation_intensity_slide=\u00a0\u00bb5%\u00a0\u00bb hover_enabled=\u00a0\u00bb0&Prime; global_colors_info=\u00a0\u00bb{}\u00a0\u00bb custom_css_main_element_last_edited=\u00a0\u00bboff|desktop\u00a0\u00bb sticky_enabled=\u00a0\u00bb0&Prime;][et_pb_image src=\u00a0\u00bbhttps:\/\/lucascano.fr\/wp-content\/uploads\/2023\/07\/lucascano-temoignage-client.jpg\u00a0\u00bb title_text=\u00a0\u00bblucascano-temoignage-client\u00a0\u00bb show_bottom_space=\u00a0\u00bboff\u00a0\u00bb _builder_version=\u00a0\u00bb4.21.0&Prime; _module_preset=\u00a0\u00bbdefault\u00a0\u00bb z_index=\u00a0\u00bb2&Prime; module_alignment=\u00a0\u00bbcenter\u00a0\u00bb global_colors_info=\u00a0\u00bb{}\u00a0\u00bb][\/et_pb_image][et_pb_blurb title=\u00a0\u00bbLes personnes que j&rsquo;ai transform\u00e9es physiquement\u00a0\u00bb _builder_version=\u00a0\u00bb4.21.0&Prime; _module_preset=\u00a0\u00bbdefault\u00a0\u00bb header_font=\u00a0\u00bbSora||||||||\u00a0\u00bb header_text_align=\u00a0\u00bbcenter\u00a0\u00bb header_text_color=\u00a0\u00bb#FFFFFF\u00a0\u00bb header_font_size=\u00a0\u00bb28px\u00a0\u00bb header_line_height=\u00a0\u00bb33px\u00a0\u00bb body_font=\u00a0\u00bbInter||||||||\u00a0\u00bb body_text_align=\u00a0\u00bbcenter\u00a0\u00bb body_text_color=\u00a0\u00bb#FFFFFF\u00a0\u00bb body_font_size=\u00a0\u00bb16px\u00a0\u00bb body_line_height=\u00a0\u00bb24px\u00a0\u00bb background_color=\u00a0\u00bb#272629&Prime; custom_padding=\u00a0\u00bb30px|30px|0px|30px|false|true\u00a0\u00bb animation_direction=\u00a0\u00bbtop\u00a0\u00bb custom_css_blurb_title=\u00a0\u00bbfont-weight: 400;||margin-bottom: 3px;\u00a0\u00bb custom_css_blurb_content=\u00a0\u00bbfont-weight: 300;||\u00a0\u00bb locked=\u00a0\u00bboff\u00a0\u00bb global_colors_info=\u00a0\u00bb{}\u00a0\u00bb custom_css_blurb_title_last_edited=\u00a0\u00bboff|desktop\u00a0\u00bb]<\/p>\n<p>D\u00e9couvrez une dizaine de t\u00e9moignages des personnes que j&rsquo;ai transform\u00e9es physiquement.<\/p>\n<p>[\/et_pb_blurb][et_pb_button button_url=\u00a0\u00bb@ET-DC@eyJkeW5hbWljIjp0cnVlLCJjb250ZW50IjoicG9zdF9saW5rX3VybF9wYWdlIiwic2V0dGluZ3MiOnsicG9zdF9pZCI6IjI1NzU4In19@\u00a0\u00bb button_text=\u00a0\u00bbVOIR LES TEMOIGNAGES\u00a0\u00bb button_alignment=\u00a0\u00bbcenter\u00a0\u00bb button_alignment_tablet=\u00a0\u00bbcenter\u00a0\u00bb button_alignment_phone=\u00a0\u00bbcenter\u00a0\u00bb button_alignment_last_edited=\u00a0\u00bboff|desktop\u00a0\u00bb _builder_version=\u00a0\u00bb4.21.0&Prime; _dynamic_attributes=\u00a0\u00bbbutton_url\u00a0\u00bb _module_preset=\u00a0\u00bbdefault\u00a0\u00bb custom_button=\u00a0\u00bbon\u00a0\u00bb button_text_size=\u00a0\u00bb14px\u00a0\u00bb button_text_color=\u00a0\u00bb#FFFFFF\u00a0\u00bb button_bg_color=\u00a0\u00bbRGBA(255,255,255,0)\u00a0\u00bb button_border_width=\u00a0\u00bb1px\u00a0\u00bb button_border_color=\u00a0\u00bb#FFFFFF\u00a0\u00bb button_border_radius=\u00a0\u00bb100px\u00a0\u00bb button_font=\u00a0\u00bbSora||||||||\u00a0\u00bb button_use_icon=\u00a0\u00bboff\u00a0\u00bb custom_margin=\u00a0\u00bb4px||30px||false|false\u00a0\u00bb custom_margin_tablet=\u00a0\u00bb40px||||false|false\u00a0\u00bb custom_margin_phone=\u00a0\u00bb25px||0px||false|false\u00a0\u00bb custom_margin_last_edited=\u00a0\u00bboff|desktop\u00a0\u00bb custom_padding=\u00a0\u00bb8px|18px|6px|18px|false|true\u00a0\u00bb custom_css_main_element=\u00a0\u00bbfont-weight: 600;\u00a0\u00bb locked=\u00a0\u00bboff\u00a0\u00bb global_colors_info=\u00a0\u00bb{}\u00a0\u00bb transform_styles__hover_enabled=\u00a0\u00bboff|desktop\u00a0\u00bb transform_scale__hover_enabled=\u00a0\u00bboff|desktop\u00a0\u00bb transform_translate__hover_enabled=\u00a0\u00bboff|desktop\u00a0\u00bb transform_rotate__hover_enabled=\u00a0\u00bboff|desktop\u00a0\u00bb transform_skew__hover_enabled=\u00a0\u00bboff|desktop\u00a0\u00bb transform_origin__hover_enabled=\u00a0\u00bboff|desktop\u00a0\u00bb button_text_color__hover_enabled=\u00a0\u00bbon|desktop\u00a0\u00bb button_text_color__hover=\u00a0\u00bb#000000&Prime; button_bg_color__hover_enabled=\u00a0\u00bbon|desktop\u00a0\u00bb button_bg_color__hover=\u00a0\u00bb#F6C937&Prime; button_bg_enable_color__hover=\u00a0\u00bbon\u00a0\u00bb button_border_color__hover_enabled=\u00a0\u00bbon|desktop\u00a0\u00bb button_border_color__hover=\u00a0\u00bb#F6C937&Prime;][\/et_pb_button][\/et_pb_column][\/et_pb_row][\/et_pb_section]<\/p>\n","protected":false},"excerpt":{"rendered":"<p>Ce Qu\u2019ils Disent De MoiD\u00e9couvrez une dizaine de t\u00e9moignages des coach sportifs que j&rsquo;ai form\u00e9s.D\u00e9couvrez une dizaine de t\u00e9moignages des personnes que j&rsquo;ai transform\u00e9es physiquement.<\/p>\n","protected":false},"author":1,"featured_media":0,"parent":0,"menu_order":0,"comment_status":"closed","ping_status":"closed","template":"","meta":{"_et_pb_use_builder":"on","_et_pb_old_content":"<!-- wp:divi\/placeholder \/-->","_et_gb_content_width":"","inline_featured_image":false,"footnotes":""},"class_list":["post-25770","page","type-page","status-publish","hentry"],"yoast_head":"<!-- This site is optimized with the Yoast SEO plugin v27.4 - https:\/\/yoast.com\/product\/yoast-seo-wordpress\/ -->\n<title>T\u00e9moignages - Lucas Cano<\/title>\n<meta name=\"robots\" content=\"index, follow, max-snippet:-1, max-image-preview:large, max-video-preview:-1\" \/>\n<link rel=\"canonical\" href=\"http:\/\/lucascan.testez-moi.fr\/?page_id=25770\" \/>\n<meta property=\"og:locale\" content=\"fr_FR\" \/>\n<meta property=\"og:type\" content=\"article\" \/>\n<meta property=\"og:title\" content=\"T\u00e9moignages - Lucas Cano\" \/>\n<meta property=\"og:description\" content=\"Ce Qu\u2019ils Disent De MoiD\u00e9couvrez une dizaine de t\u00e9moignages des coach sportifs que j&#039;ai form\u00e9s.D\u00e9couvrez une dizaine de t\u00e9moignages des personnes que j&#039;ai transform\u00e9es physiquement.\" \/>\n<meta property=\"og:url\" content=\"http:\/\/lucascan.testez-moi.fr\/?page_id=25770\" \/>\n<meta property=\"og:site_name\" content=\"Lucas Cano\" \/>\n<meta property=\"article:publisher\" content=\"https:\/\/www.facebook.com\/@coachlucascano\" \/>\n<meta property=\"article:modified_time\" content=\"2023-10-04T10:07:14+00:00\" \/>\n<meta name=\"twitter:card\" content=\"summary_large_image\" \/>\n<meta name=\"twitter:label1\" content=\"Dur\u00e9e de lecture estim\u00e9e\" \/>\n\t<meta name=\"twitter:data1\" content=\"6 minutes\" \/>\n<script type=\"application\/ld+json\" class=\"yoast-schema-graph\">{\"@context\":\"https:\\\/\\\/schema.org\",\"@graph\":[{\"@type\":\"WebPage\",\"@id\":\"http:\\\/\\\/lucascan.testez-moi.fr\\\/?page_id=25770\",\"url\":\"http:\\\/\\\/lucascan.testez-moi.fr\\\/?page_id=25770\",\"name\":\"T\u00e9moignages - Lucas Cano\",\"isPartOf\":{\"@id\":\"https:\\\/\\\/lucascan.testez-moi.fr\\\/#website\"},\"datePublished\":\"2023-07-23T17:29:10+00:00\",\"dateModified\":\"2023-10-04T10:07:14+00:00\",\"breadcrumb\":{\"@id\":\"http:\\\/\\\/lucascan.testez-moi.fr\\\/?page_id=25770#breadcrumb\"},\"inLanguage\":\"fr-FR\",\"potentialAction\":[{\"@type\":\"ReadAction\",\"target\":[\"http:\\\/\\\/lucascan.testez-moi.fr\\\/?page_id=25770\"]}]},{\"@type\":\"BreadcrumbList\",\"@id\":\"http:\\\/\\\/lucascan.testez-moi.fr\\\/?page_id=25770#breadcrumb\",\"itemListElement\":[{\"@type\":\"ListItem\",\"position\":1,\"name\":\"Accueil\",\"item\":\"https:\\\/\\\/lucascan.testez-moi.fr\\\/\"},{\"@type\":\"ListItem\",\"position\":2,\"name\":\"T\u00e9moignages\"}]},{\"@type\":\"WebSite\",\"@id\":\"https:\\\/\\\/lucascan.testez-moi.fr\\\/#website\",\"url\":\"https:\\\/\\\/lucascan.testez-moi.fr\\\/\",\"name\":\"Lucas Cano\",\"description\":\"Coach Expert en Transformation Physique (et Psychologie du Changement)\",\"publisher\":{\"@id\":\"https:\\\/\\\/lucascan.testez-moi.fr\\\/#organization\"},\"potentialAction\":[{\"@type\":\"SearchAction\",\"target\":{\"@type\":\"EntryPoint\",\"urlTemplate\":\"https:\\\/\\\/lucascan.testez-moi.fr\\\/?s={search_term_string}\"},\"query-input\":{\"@type\":\"PropertyValueSpecification\",\"valueRequired\":true,\"valueName\":\"search_term_string\"}}],\"inLanguage\":\"fr-FR\"},{\"@type\":\"Organization\",\"@id\":\"https:\\\/\\\/lucascan.testez-moi.fr\\\/#organization\",\"name\":\"Lucas Cano\",\"url\":\"https:\\\/\\\/lucascan.testez-moi.fr\\\/\",\"logo\":{\"@type\":\"ImageObject\",\"inLanguage\":\"fr-FR\",\"@id\":\"https:\\\/\\\/lucascan.testez-moi.fr\\\/#\\\/schema\\\/logo\\\/image\\\/\",\"url\":\"https:\\\/\\\/lucascano.fr\\\/wp-content\\\/uploads\\\/2023\\\/06\\\/lucascano-7-1.jpg\",\"contentUrl\":\"https:\\\/\\\/lucascano.fr\\\/wp-content\\\/uploads\\\/2023\\\/06\\\/lucascano-7-1.jpg\",\"width\":750,\"height\":500,\"caption\":\"Lucas Cano\"},\"image\":{\"@id\":\"https:\\\/\\\/lucascan.testez-moi.fr\\\/#\\\/schema\\\/logo\\\/image\\\/\"},\"sameAs\":[\"https:\\\/\\\/www.facebook.com\\\/@coachlucascano\",\"https:\\\/\\\/www.tiktok.com\\\/@coachlucascano\",\"https:\\\/\\\/www.youtube.com\\\/channel\\\/UCCzSwsc2p2gs078SU56rjFQ\"]}]}<\/script>\n<!-- \/ Yoast SEO plugin. -->","yoast_head_json":{"title":"T\u00e9moignages - Lucas Cano","robots":{"index":"index","follow":"follow","max-snippet":"max-snippet:-1","max-image-preview":"max-image-preview:large","max-video-preview":"max-video-preview:-1"},"canonical":"http:\/\/lucascan.testez-moi.fr\/?page_id=25770","og_locale":"fr_FR","og_type":"article","og_title":"T\u00e9moignages - Lucas Cano","og_description":"Ce Qu\u2019ils Disent De MoiD\u00e9couvrez une dizaine de t\u00e9moignages des coach sportifs que j'ai form\u00e9s.D\u00e9couvrez une dizaine de t\u00e9moignages des personnes que j'ai transform\u00e9es physiquement.","og_url":"http:\/\/lucascan.testez-moi.fr\/?page_id=25770","og_site_name":"Lucas Cano","article_publisher":"https:\/\/www.facebook.com\/@coachlucascano","article_modified_time":"2023-10-04T10:07:14+00:00","twitter_card":"summary_large_image","twitter_misc":{"Dur\u00e9e de lecture estim\u00e9e":"6 minutes"},"schema":{"@context":"https:\/\/schema.org","@graph":[{"@type":"WebPage","@id":"http:\/\/lucascan.testez-moi.fr\/?page_id=25770","url":"http:\/\/lucascan.testez-moi.fr\/?page_id=25770","name":"T\u00e9moignages - Lucas Cano","isPartOf":{"@id":"https:\/\/lucascan.testez-moi.fr\/#website"},"datePublished":"2023-07-23T17:29:10+00:00","dateModified":"2023-10-04T10:07:14+00:00","breadcrumb":{"@id":"http:\/\/lucascan.testez-moi.fr\/?page_id=25770#breadcrumb"},"inLanguage":"fr-FR","potentialAction":[{"@type":"ReadAction","target":["http:\/\/lucascan.testez-moi.fr\/?page_id=25770"]}]},{"@type":"BreadcrumbList","@id":"http:\/\/lucascan.testez-moi.fr\/?page_id=25770#breadcrumb","itemListElement":[{"@type":"ListItem","position":1,"name":"Accueil","item":"https:\/\/lucascan.testez-moi.fr\/"},{"@type":"ListItem","position":2,"name":"T\u00e9moignages"}]},{"@type":"WebSite","@id":"https:\/\/lucascan.testez-moi.fr\/#website","url":"https:\/\/lucascan.testez-moi.fr\/","name":"Lucas Cano","description":"Coach Expert en Transformation Physique (et Psychologie du Changement)","publisher":{"@id":"https:\/\/lucascan.testez-moi.fr\/#organization"},"potentialAction":[{"@type":"SearchAction","target":{"@type":"EntryPoint","urlTemplate":"https:\/\/lucascan.testez-moi.fr\/?s={search_term_string}"},"query-input":{"@type":"PropertyValueSpecification","valueRequired":true,"valueName":"search_term_string"}}],"inLanguage":"fr-FR"},{"@type":"Organization","@id":"https:\/\/lucascan.testez-moi.fr\/#organization","name":"Lucas Cano","url":"https:\/\/lucascan.testez-moi.fr\/","logo":{"@type":"ImageObject","inLanguage":"fr-FR","@id":"https:\/\/lucascan.testez-moi.fr\/#\/schema\/logo\/image\/","url":"https:\/\/lucascano.fr\/wp-content\/uploads\/2023\/06\/lucascano-7-1.jpg","contentUrl":"https:\/\/lucascano.fr\/wp-content\/uploads\/2023\/06\/lucascano-7-1.jpg","width":750,"height":500,"caption":"Lucas Cano"},"image":{"@id":"https:\/\/lucascan.testez-moi.fr\/#\/schema\/logo\/image\/"},"sameAs":["https:\/\/www.facebook.com\/@coachlucascano","https:\/\/www.tiktok.com\/@coachlucascano","https:\/\/www.youtube.com\/channel\/UCCzSwsc2p2gs078SU56rjFQ"]}]}},"_links":{"self":[{"href":"https:\/\/lucascano.fr\/index.php?rest_route=\/wp\/v2\/pages\/25770","targetHints":{"allow":["GET"]}}],"collection":[{"href":"https:\/\/lucascano.fr\/index.php?rest_route=\/wp\/v2\/pages"}],"about":[{"href":"https:\/\/lucascano.fr\/index.php?rest_route=\/wp\/v2\/types\/page"}],"author":[{"embeddable":true,"href":"https:\/\/lucascano.fr\/index.php?rest_route=\/wp\/v2\/users\/1"}],"replies":[{"embeddable":true,"href":"https:\/\/lucascano.fr\/index.php?rest_route=%2Fwp%2Fv2%2Fcomments&post=25770"}],"version-history":[{"count":11,"href":"https:\/\/lucascano.fr\/index.php?rest_route=\/wp\/v2\/pages\/25770\/revisions"}],"predecessor-version":[{"id":25894,"href":"https:\/\/lucascano.fr\/index.php?rest_route=\/wp\/v2\/pages\/25770\/revisions\/25894"}],"wp:attachment":[{"href":"https:\/\/lucascano.fr\/index.php?rest_route=%2Fwp%2Fv2%2Fmedia&parent=25770"}],"curies":[{"name":"wp","href":"https:\/\/api.w.org\/{rel}","templated":true}]}}